{"id":10,"date":"2011-01-20T09:28:24","date_gmt":"2011-01-20T09:28:24","guid":{"rendered":"http:\/\/www.cabanesdageou.com\/?page_id=10"},"modified":"2026-04-01T12:58:35","modified_gmt":"2026-04-01T12:58:35","slug":"accueil","status":"publish","type":"page","link":"https:\/\/cabanesdageou.com\/","title":{"rendered":"Accueil"},"content":{"rendered":"<p><iframe loading=\"lazy\" title=\"Les cabanes d&#039;Ageou\" width=\"580\" height=\"326\" src=\"https:\/\/www.youtube.com\/embed\/3cWtxJJSzDU?feature=oembed\" frameborder=\"0\" allow=\"accelerometer; autoplay; clipboard-write; encrypted-media; gyroscope; picture-in-picture; web-share\" referrerpolicy=\"strict-origin-when-cross-origin\" allowfullscreen><\/iframe><\/p>\n<p style=\"text-align: left;\">Pierre-Yves, \u00e9leveur, conduit son troupeau de vaches dans son estive situ\u00e9e au plateau d\u2019Ag\u00e9ou d\u2019avril \u00e0 novembre. Ce plateau, v\u00e9ritable petit paradis sauvage, est situ\u00e9 au c\u0153ur des Pyr\u00e9n\u00e9es Ari\u00e9geoises \u00e0 1100m d\u2019altitude.<\/p>\n<p>Notre \u00e9quipe vous accueille dans une maison chaleureuse en demi-pension ou pension compl\u00e8te et nous aurons le plaisir de partager les repas et petit d\u00e9jeuner confectionn\u00e9s avec des produits bios et de la ferme. Deux autres cabanes de bergers sont \u00e9quip\u00e9es de 6 couchages chacune et sont r\u00e9nov\u00e9es de fa\u00e7on \u00e9cologique.<\/p>\n<p>A 2h00 de Toulouse, sur des sentiers locaux magnifiquement pr\u00e9serv\u00e9s, vous pourrez d\u00e9couvrir des H\u00eatres majestueux, de nombreuses cabanes de bergers, le gouffre impressionnant d&rsquo;Aj\u00e9ou, une flore remarquable tout en cueillant fruits et champignons (m\u00fbres, myrtilles, c\u00e8pes et girolles&#8230;)!<\/p>\n<p>Puis \u00e0 proximit\u00e9, la cascade d&rsquo;Ars d&rsquo;Aulus les Bains ou celle du Fouillet, les rivi\u00e8res et de nombreuses activit\u00e9s sportives ou de d\u00e9tentes vous attendent &#8230;<\/p>\n<p>Nous ouvrons de juin \u00e0 septembre, sur r\u00e9servation, sachant que nous sommes pr\u00e9sents tous les jours en juillet et en ao\u00fbt.<\/p>\n<div id='gallery-1' class='gallery galleryid-10 gallery-columns-4 gallery-size-thumbnail'><figure class='gallery-item'>\n\t\t\t<div class='gallery-icon landscape'>\n\t\t\t\t<a href='https:\/\/cabanesdageou.com\/wp-content\/uploads\/2021\/06\/greengo-3-Petit.jpg'><img loading=\"lazy\" decoding=\"async\" width=\"150\" height=\"150\" src=\"https:\/\/cabanesdageou.com\/wp-content\/uploads\/2021\/06\/greengo-3-Petit-150x150.jpg\" class=\"attachment-thumbnail size-thumbnail\" alt=\"\" \/><\/a>\n\t\t\t<\/div><\/figure><figure class='gallery-item'>\n\t\t\t<div class='gallery-icon landscape'>\n\t\t\t\t<a href='https:\/\/cabanesdageou.com\/wp-content\/uploads\/2020\/05\/IMG-20170622-WA0006.jpg'><img loading=\"lazy\" decoding=\"async\" width=\"150\" height=\"150\" src=\"https:\/\/cabanesdageou.com\/wp-content\/uploads\/2020\/05\/IMG-20170622-WA0006-150x150.jpg\" class=\"attachment-thumbnail size-thumbnail\" alt=\"\" \/><\/a>\n\t\t\t<\/div><\/figure><figure class='gallery-item'>\n\t\t\t<div class='gallery-icon landscape'>\n\t\t\t\t<a href='https:\/\/cabanesdageou.com\/wp-content\/uploads\/2021\/06\/greengo-1-Petit.png'><img loading=\"lazy\" decoding=\"async\" width=\"150\" height=\"150\" src=\"https:\/\/cabanesdageou.com\/wp-content\/uploads\/2021\/06\/greengo-1-Petit-150x150.png\" class=\"attachment-thumbnail size-thumbnail\" alt=\"\" \/><\/a>\n\t\t\t<\/div><\/figure><figure class='gallery-item'>\n\t\t\t<div class='gallery-icon landscape'>\n\t\t\t\t<a href='https:\/\/cabanesdageou.com\/wp-content\/uploads\/2026\/04\/@lyriopee-ageou-10-scaled.jpg'><img loading=\"lazy\" decoding=\"async\" width=\"150\" height=\"150\" src=\"https:\/\/cabanesdageou.com\/wp-content\/uploads\/2026\/04\/@lyriopee-ageou-10-150x150.jpg\" class=\"attachment-thumbnail size-thumbnail\" alt=\"\" \/><\/a>\n\t\t\t<\/div><\/figure><figure class='gallery-item'>\n\t\t\t<div class='gallery-icon landscape'>\n\t\t\t\t<a href='https:\/\/cabanesdageou.com\/wp-content\/uploads\/2011\/01\/IMGP3548.jpg'><img loading=\"lazy\" decoding=\"async\" width=\"150\" height=\"150\" src=\"https:\/\/cabanesdageou.com\/wp-content\/uploads\/2011\/01\/IMGP3548-150x150.jpg\" class=\"attachment-thumbnail size-thumbnail\" alt=\"\" \/><\/a>\n\t\t\t<\/div><\/figure><figure class='gallery-item'>\n\t\t\t<div class='gallery-icon landscape'>\n\t\t\t\t<a href='https:\/\/cabanesdageou.com\/wp-content\/uploads\/2026\/04\/@lyriopee-ageou-0-scaled.jpg'><img loading=\"lazy\" decoding=\"async\" width=\"150\" height=\"150\" src=\"https:\/\/cabanesdageou.com\/wp-content\/uploads\/2026\/04\/@lyriopee-ageou-0-150x150.jpg\" class=\"attachment-thumbnail size-thumbnail\" alt=\"\" \/><\/a>\n\t\t\t<\/div><\/figure><figure class='gallery-item'>\n\t\t\t<div class='gallery-icon portrait'>\n\t\t\t\t<a href='https:\/\/cabanesdageou.com\/wp-content\/uploads\/2026\/04\/@lyriopee-ageou-3-scaled.jpg'><img loading=\"lazy\" decoding=\"async\" width=\"150\" height=\"150\" src=\"https:\/\/cabanesdageou.com\/wp-content\/uploads\/2026\/04\/@lyriopee-ageou-3-150x150.jpg\" class=\"attachment-thumbnail size-thumbnail\" alt=\"\" \/><\/a>\n\t\t\t<\/div><\/figure><figure class='gallery-item'>\n\t\t\t<div class='gallery-icon landscape'>\n\t\t\t\t<a href='https:\/\/cabanesdageou.com\/wp-content\/uploads\/2026\/04\/@lyriopee-ageou-4-scaled.jpg'><img loading=\"lazy\" decoding=\"async\" width=\"150\" height=\"150\" src=\"https:\/\/cabanesdageou.com\/wp-content\/uploads\/2026\/04\/@lyriopee-ageou-4-150x150.jpg\" class=\"attachment-thumbnail size-thumbnail\" alt=\"\" \/><\/a>\n\t\t\t<\/div><\/figure><figure class='gallery-item'>\n\t\t\t<div class='gallery-icon landscape'>\n\t\t\t\t<a href='https:\/\/cabanesdageou.com\/wp-content\/uploads\/2026\/04\/@lyriopee-ageou-12-scaled.jpg'><img loading=\"lazy\" decoding=\"async\" width=\"150\" height=\"150\" src=\"https:\/\/cabanesdageou.com\/wp-content\/uploads\/2026\/04\/@lyriopee-ageou-12-150x150.jpg\" class=\"attachment-thumbnail size-thumbnail\" alt=\"\" \/><\/a>\n\t\t\t<\/div><\/figure><figure class='gallery-item'>\n\t\t\t<div class='gallery-icon portrait'>\n\t\t\t\t<a href='https:\/\/cabanesdageou.com\/wp-content\/uploads\/2021\/06\/greengo-10-Petit-rotated.jpg'><img loading=\"lazy\" decoding=\"async\" width=\"150\" height=\"150\" src=\"https:\/\/cabanesdageou.com\/wp-content\/uploads\/2021\/06\/greengo-10-Petit-150x150.jpg\" class=\"attachment-thumbnail size-thumbnail\" alt=\"\" \/><\/a>\n\t\t\t<\/div><\/figure><figure class='gallery-item'>\n\t\t\t<div class='gallery-icon landscape'>\n\t\t\t\t<a href='https:\/\/cabanesdageou.com\/wp-content\/uploads\/IMPORT\/IMG_2938.jpg'><img loading=\"lazy\" decoding=\"async\" width=\"150\" height=\"150\" src=\"https:\/\/cabanesdageou.com\/wp-content\/uploads\/IMPORT\/IMG_2938-150x150.jpg\" class=\"attachment-thumbnail size-thumbnail\" alt=\"\" \/><\/a>\n\t\t\t<\/div><\/figure><figure class='gallery-item'>\n\t\t\t<div class='gallery-icon landscape'>\n\t\t\t\t<a href='https:\/\/cabanesdageou.com\/wp-content\/uploads\/IMPORT\/IMG_2922.jpg'><img loading=\"lazy\" decoding=\"async\" width=\"150\" height=\"150\" src=\"https:\/\/cabanesdageou.com\/wp-content\/uploads\/IMPORT\/IMG_2922-150x150.jpg\" class=\"attachment-thumbnail size-thumbnail\" alt=\"\" \/><\/a>\n\t\t\t<\/div><\/figure><figure class='gallery-item'>\n\t\t\t<div class='gallery-icon portrait'>\n\t\t\t\t<a href='https:\/\/cabanesdageou.com\/wp-content\/uploads\/2020\/05\/DSCN4126-e1588778463662.jpg'><img loading=\"lazy\" decoding=\"async\" width=\"150\" height=\"150\" src=\"https:\/\/cabanesdageou.com\/wp-content\/uploads\/2020\/05\/DSCN4126-e1588778463662-150x150.jpg\" class=\"attachment-thumbnail size-thumbnail\" alt=\"\" \/><\/a>\n\t\t\t<\/div><\/figure><figure class='gallery-item'>\n\t\t\t<div class='gallery-icon landscape'>\n\t\t\t\t<a href='https:\/\/cabanesdageou.com\/wp-content\/uploads\/IMPORT\/IMG_3313.jpg'><img loading=\"lazy\" decoding=\"async\" width=\"150\" height=\"150\" src=\"https:\/\/cabanesdageou.com\/wp-content\/uploads\/IMPORT\/IMG_3313-150x150.jpg\" class=\"attachment-thumbnail size-thumbnail\" alt=\"\" \/><\/a>\n\t\t\t<\/div><\/figure><figure class='gallery-item'>\n\t\t\t<div class='gallery-icon portrait'>\n\t\t\t\t<a href='https:\/\/cabanesdageou.com\/wp-content\/uploads\/2022\/04\/cascades-dars.jpg'><img loading=\"lazy\" decoding=\"async\" width=\"150\" height=\"150\" src=\"https:\/\/cabanesdageou.com\/wp-content\/uploads\/2022\/04\/cascades-dars-150x150.jpg\" class=\"attachment-thumbnail size-thumbnail\" alt=\"\" \/><\/a>\n\t\t\t<\/div><\/figure><figure class='gallery-item'>\n\t\t\t<div class='gallery-icon landscape'>\n\t\t\t\t<a href='https:\/\/cabanesdageou.com\/wp-content\/uploads\/2022\/04\/DSC_0313-scaled.jpg'><img loading=\"lazy\" decoding=\"async\" width=\"150\" height=\"150\" src=\"https:\/\/cabanesdageou.com\/wp-content\/uploads\/2022\/04\/DSC_0313-150x150.jpg\" class=\"attachment-thumbnail size-thumbnail\" alt=\"\" \/><\/a>\n\t\t\t<\/div><\/figure><figure class='gallery-item'>\n\t\t\t<div class='gallery-icon portrait'>\n\t\t\t\t<a href='https:\/\/cabanesdageou.com\/wp-content\/uploads\/2021\/06\/IMG-20210514-WA0002.jpg'><img loading=\"lazy\" decoding=\"async\" width=\"150\" height=\"150\" src=\"https:\/\/cabanesdageou.com\/wp-content\/uploads\/2021\/06\/IMG-20210514-WA0002-150x150.jpg\" class=\"attachment-thumbnail size-thumbnail\" alt=\"\" \/><\/a>\n\t\t\t<\/div><\/figure><figure class='gallery-item'>\n\t\t\t<div class='gallery-icon portrait'>\n\t\t\t\t<a href='https:\/\/cabanesdageou.com\/wp-content\/uploads\/2021\/06\/IMG-20210514-WA0001.jpg'><img loading=\"lazy\" decoding=\"async\" width=\"150\" height=\"150\" src=\"https:\/\/cabanesdageou.com\/wp-content\/uploads\/2021\/06\/IMG-20210514-WA0001-150x150.jpg\" class=\"attachment-thumbnail size-thumbnail\" alt=\"\" \/><\/a>\n\t\t\t<\/div><\/figure><figure class='gallery-item'>\n\t\t\t<div class='gallery-icon landscape'>\n\t\t\t\t<a href='https:\/\/cabanesdageou.com\/wp-content\/uploads\/2026\/04\/@lyriopee-ageou-5-scaled.jpg'><img loading=\"lazy\" decoding=\"async\" width=\"150\" height=\"150\" src=\"https:\/\/cabanesdageou.com\/wp-content\/uploads\/2026\/04\/@lyriopee-ageou-5-150x150.jpg\" class=\"attachment-thumbnail size-thumbnail\" alt=\"\" \/><\/a>\n\t\t\t<\/div><\/figure><figure class='gallery-item'>\n\t\t\t<div class='gallery-icon portrait'>\n\t\t\t\t<a href='https:\/\/cabanesdageou.com\/wp-content\/uploads\/2026\/04\/@lyriopee-ageou-7-scaled.jpg'><img loading=\"lazy\" decoding=\"async\" width=\"150\" height=\"150\" src=\"https:\/\/cabanesdageou.com\/wp-content\/uploads\/2026\/04\/@lyriopee-ageou-7-150x150.jpg\" class=\"attachment-thumbnail size-thumbnail\" alt=\"\" \/><\/a>\n\t\t\t<\/div><\/figure>\n\t\t<\/div>\n\n\n\n<p><\/p>\n","protected":false},"excerpt":{"rendered":"<p>Pierre-Yves, \u00e9leveur, conduit son troupeau de vaches dans son estive situ\u00e9e au plateau d\u2019Ag\u00e9ou d\u2019avril \u00e0 novembre. Ce plateau, v\u00e9ritable petit paradis sauvage, est situ\u00e9 au c\u0153ur des Pyr\u00e9n\u00e9es Ari\u00e9geoises \u00e0 1100m d\u2019altitude. Notre \u00e9quipe vous accueille dans une maison chaleureuse en demi-pension ou pension compl\u00e8te et nous aurons le plaisir de partager les repas [&hellip;]<\/p>\n","protected":false},"author":13,"featured_media":0,"parent":0,"menu_order":0,"comment_status":"closed","ping_status":"closed","template":"","meta":{"footnotes":""},"class_list":["post-10","page","type-page","status-publish","hentry"],"_links":{"self":[{"href":"https:\/\/cabanesdageou.com\/index.php?rest_route=\/wp\/v2\/pages\/10","targetHints":{"allow":["GET"]}}],"collection":[{"href":"https:\/\/cabanesdageou.com\/index.php?rest_route=\/wp\/v2\/pages"}],"about":[{"href":"https:\/\/cabanesdageou.com\/index.php?rest_route=\/wp\/v2\/types\/page"}],"author":[{"embeddable":true,"href":"https:\/\/cabanesdageou.com\/index.php?rest_route=\/wp\/v2\/users\/13"}],"replies":[{"embeddable":true,"href":"https:\/\/cabanesdageou.com\/index.php?rest_route=%2Fwp%2Fv2%2Fcomments&post=10"}],"version-history":[{"count":64,"href":"https:\/\/cabanesdageou.com\/index.php?rest_route=\/wp\/v2\/pages\/10\/revisions"}],"predecessor-version":[{"id":762,"href":"https:\/\/cabanesdageou.com\/index.php?rest_route=\/wp\/v2\/pages\/10\/revisions\/762"}],"wp:attachment":[{"href":"https:\/\/cabanesdageou.com\/index.php?rest_route=%2Fwp%2Fv2%2Fmedia&parent=10"}],"curies":[{"name":"wp","href":"https:\/\/api.w.org\/{rel}","templated":true}]}}