{"id":17,"date":"2011-01-20T09:31:22","date_gmt":"2011-01-20T09:31:22","guid":{"rendered":"http:\/\/www.cabanesdageou.com\/?page_id=17"},"modified":"2026-04-02T17:45:31","modified_gmt":"2026-04-02T17:45:31","slug":"activites","status":"publish","type":"page","link":"https:\/\/cabanesdageou.com\/?page_id=17","title":{"rendered":"Activit\u00e9s"},"content":{"rendered":"<h2><strong>Nombreuses randonn\u00e9es<\/strong><\/h2>\n<p dir=\"auto\">GR locaux accessibles directement depuis les cabanes : tour du plateau d&rsquo;Ag\u00e9ou et col de Latrappe<\/p>\n<p dir=\"auto\">\u00c0 proximit\u00e9 du GR10 : cascade d&rsquo;Ars, cascade de Fouillet, Cirque de Cagateille, val d&rsquo;Estours et cascade d&rsquo;Arcouzan<br \/>\nLes bains d&rsquo;Aulus<\/p>\n<h2 dir=\"auto\"><b>Loisirs<\/b><\/h2>\n<p dir=\"auto\"><a href=\"http:\/\/www.labasenautiqueducouserans.com\" target=\"_blank\" rel=\"noopener\">Cano\u00eb-Kayak et rafting pr\u00e8s de Seix<\/a><\/p>\n<p dir=\"auto\"><a href=\"http:\/\/accrobranche-acrolus.com\" target=\"_blank\" rel=\"noopener\">Accrobranche \u00e0 Aulus<\/a><\/p>\n<p dir=\"auto\"><a href=\"https:\/\/www.thermes-aulus.fr\" target=\"_blank\" rel=\"noopener\">Les bains d&rsquo;Aulus<\/a><\/p>\n<p dir=\"auto\"><a href=\"https:\/\/www.tourisme-couserans-pyrenees.com\/2022\/07\/20\/rocaventure-la-via-ferrata-du-couserans\/\" target=\"_blank\" rel=\"noopener\">Via ferrata du Couserans<\/a><\/p>\n<p dir=\"auto\">D\u00e9couvrez d&rsquo;autres activit\u00e9s sur le <a href=\"https:\/\/www.tourisme-couserans-pyrenees.com\/\" target=\"_blank\" rel=\"noopener\">site Couserans Pyr\u00e9n\u00e9es<\/a> ou en vous rendant \u00e0 l&rsquo;office du tourisme de Seix ou Erc\u00e9.<\/p>\n<div id='gallery-1' class='gallery galleryid-17 gallery-columns-4 gallery-size-thumbnail'><figure class='gallery-item'>\n\t\t\t<div class='gallery-icon landscape'>\n\t\t\t\t<a href='https:\/\/cabanesdageou.com\/wp-content\/uploads\/2016\/02\/mario-2012.jpg'><img loading=\"lazy\" decoding=\"async\" width=\"150\" height=\"150\" src=\"https:\/\/cabanesdageou.com\/wp-content\/uploads\/2016\/02\/mario-2012-150x150.jpg\" class=\"attachment-thumbnail size-thumbnail\" alt=\"\" \/><\/a>\n\t\t\t<\/div><\/figure><figure class='gallery-item'>\n\t\t\t<div class='gallery-icon landscape'>\n\t\t\t\t<a href='https:\/\/cabanesdageou.com\/wp-content\/uploads\/2021\/06\/IMG-20170622-WA0006.jpg'><img loading=\"lazy\" decoding=\"async\" width=\"150\" height=\"150\" src=\"https:\/\/cabanesdageou.com\/wp-content\/uploads\/2021\/06\/IMG-20170622-WA0006-150x150.jpg\" class=\"attachment-thumbnail size-thumbnail\" alt=\"\" \/><\/a>\n\t\t\t<\/div><\/figure><figure class='gallery-item'>\n\t\t\t<div class='gallery-icon portrait'>\n\t\t\t\t<a href='https:\/\/cabanesdageou.com\/wp-content\/uploads\/2021\/06\/IMG-20210514-WA0002.jpg'><img loading=\"lazy\" decoding=\"async\" width=\"150\" height=\"150\" src=\"https:\/\/cabanesdageou.com\/wp-content\/uploads\/2021\/06\/IMG-20210514-WA0002-150x150.jpg\" class=\"attachment-thumbnail size-thumbnail\" alt=\"\" \/><\/a>\n\t\t\t<\/div><\/figure><figure class='gallery-item'>\n\t\t\t<div class='gallery-icon portrait'>\n\t\t\t\t<a href='https:\/\/cabanesdageou.com\/wp-content\/uploads\/2021\/06\/IMG-20210514-WA0001.jpg'><img loading=\"lazy\" decoding=\"async\" width=\"150\" height=\"150\" src=\"https:\/\/cabanesdageou.com\/wp-content\/uploads\/2021\/06\/IMG-20210514-WA0001-150x150.jpg\" class=\"attachment-thumbnail size-thumbnail\" alt=\"\" \/><\/a>\n\t\t\t<\/div><\/figure><figure class='gallery-item'>\n\t\t\t<div class='gallery-icon portrait'>\n\t\t\t\t<a href='https:\/\/cabanesdageou.com\/wp-content\/uploads\/2021\/06\/20210512_103829-Petit-rotated.jpg'><img loading=\"lazy\" decoding=\"async\" width=\"150\" height=\"150\" src=\"https:\/\/cabanesdageou.com\/wp-content\/uploads\/2021\/06\/20210512_103829-Petit-150x150.jpg\" class=\"attachment-thumbnail size-thumbnail\" alt=\"\" \/><\/a>\n\t\t\t<\/div><\/figure>\n\t\t<\/div>\n\n","protected":false},"excerpt":{"rendered":"<p>Nombreuses randonn\u00e9es GR locaux accessibles directement depuis les cabanes : tour du plateau d&rsquo;Ag\u00e9ou et col de Latrappe \u00c0 proximit\u00e9 du GR10 : cascade d&rsquo;Ars, cascade de Fouillet, Cirque de Cagateille, val d&rsquo;Estours et cascade d&rsquo;Arcouzan Les bains d&rsquo;Aulus Loisirs Cano\u00eb-Kayak et rafting pr\u00e8s de Seix Accrobranche \u00e0 Aulus Les bains d&rsquo;Aulus Via ferrata du [&hellip;]<\/p>\n","protected":false},"author":13,"featured_media":357,"parent":0,"menu_order":3,"comment_status":"closed","ping_status":"closed","template":"","meta":{"footnotes":""},"class_list":["post-17","page","type-page","status-publish","has-post-thumbnail","hentry"],"_links":{"self":[{"href":"https:\/\/cabanesdageou.com\/index.php?rest_route=\/wp\/v2\/pages\/17","targetHints":{"allow":["GET"]}}],"collection":[{"href":"https:\/\/cabanesdageou.com\/index.php?rest_route=\/wp\/v2\/pages"}],"about":[{"href":"https:\/\/cabanesdageou.com\/index.php?rest_route=\/wp\/v2\/types\/page"}],"author":[{"embeddable":true,"href":"https:\/\/cabanesdageou.com\/index.php?rest_route=\/wp\/v2\/users\/13"}],"replies":[{"embeddable":true,"href":"https:\/\/cabanesdageou.com\/index.php?rest_route=%2Fwp%2Fv2%2Fcomments&post=17"}],"version-history":[{"count":37,"href":"https:\/\/cabanesdageou.com\/index.php?rest_route=\/wp\/v2\/pages\/17\/revisions"}],"predecessor-version":[{"id":779,"href":"https:\/\/cabanesdageou.com\/index.php?rest_route=\/wp\/v2\/pages\/17\/revisions\/779"}],"wp:featuredmedia":[{"embeddable":true,"href":"https:\/\/cabanesdageou.com\/index.php?rest_route=\/wp\/v2\/media\/357"}],"wp:attachment":[{"href":"https:\/\/cabanesdageou.com\/index.php?rest_route=%2Fwp%2Fv2%2Fmedia&parent=17"}],"curies":[{"name":"wp","href":"https:\/\/api.w.org\/{rel}","templated":true}]}}