{"id":19,"date":"2011-01-20T09:32:00","date_gmt":"2011-01-20T09:32:00","guid":{"rendered":"http:\/\/www.cabanesdageou.com\/?page_id=19"},"modified":"2026-04-02T14:42:12","modified_gmt":"2026-04-02T14:42:12","slug":"prix-et-formules-contact","status":"publish","type":"page","link":"https:\/\/cabanesdageou.com\/?page_id=19","title":{"rendered":"R\u00e9servez"},"content":{"rendered":"<p>R\u00e9servez votre s\u00e9jour d\u00e8s maintenant !<\/p>\n<p>Envoyez un mail \u00e0 l\u2019adresse : cabanesdageou@gmail.com<br \/>Ou appelez-nous au 06 86 00 00 50<\/p>\n\n\n<p><\/p>\n","protected":false},"excerpt":{"rendered":"<p>R\u00e9servez votre s\u00e9jour d\u00e8s maintenant ! Envoyez un mail \u00e0 l\u2019adresse : cabanesdageou@gmail.comOu appelez-nous au 06 86 00 00 50<\/p>\n","protected":false},"author":13,"featured_media":528,"parent":0,"menu_order":0,"comment_status":"closed","ping_status":"closed","template":"","meta":{"footnotes":""},"class_list":["post-19","page","type-page","status-publish","has-post-thumbnail","hentry"],"_links":{"self":[{"href":"https:\/\/cabanesdageou.com\/index.php?rest_route=\/wp\/v2\/pages\/19","targetHints":{"allow":["GET"]}}],"collection":[{"href":"https:\/\/cabanesdageou.com\/index.php?rest_route=\/wp\/v2\/pages"}],"about":[{"href":"https:\/\/cabanesdageou.com\/index.php?rest_route=\/wp\/v2\/types\/page"}],"author":[{"embeddable":true,"href":"https:\/\/cabanesdageou.com\/index.php?rest_route=\/wp\/v2\/users\/13"}],"replies":[{"embeddable":true,"href":"https:\/\/cabanesdageou.com\/index.php?rest_route=%2Fwp%2Fv2%2Fcomments&post=19"}],"version-history":[{"count":26,"href":"https:\/\/cabanesdageou.com\/index.php?rest_route=\/wp\/v2\/pages\/19\/revisions"}],"predecessor-version":[{"id":770,"href":"https:\/\/cabanesdageou.com\/index.php?rest_route=\/wp\/v2\/pages\/19\/revisions\/770"}],"wp:featuredmedia":[{"embeddable":true,"href":"https:\/\/cabanesdageou.com\/index.php?rest_route=\/wp\/v2\/media\/528"}],"wp:attachment":[{"href":"https:\/\/cabanesdageou.com\/index.php?rest_route=%2Fwp%2Fv2%2Fmedia&parent=19"}],"curies":[{"name":"wp","href":"https:\/\/api.w.org\/{rel}","templated":true}]}}