{"id":196,"date":"2011-02-14T14:06:47","date_gmt":"2011-02-14T14:06:47","guid":{"rendered":"http:\/\/www.cabanesdageou.com\/"},"modified":"2026-04-04T18:49:11","modified_gmt":"2026-04-04T18:49:11","slug":"acces","status":"publish","type":"page","link":"https:\/\/cabanesdageou.com\/?page_id=196","title":{"rendered":"Acc\u00e8s"},"content":{"rendered":"<h2><strong>Venir en randonnant\u00a0<\/strong><\/h2>\n<p>L\u2019acc\u00e8s conseill\u00e9 se fait \u00e0 pied :<\/p>\n<p>&#8211; Depuis le centre du village d&rsquo;Erc\u00e9 via Angladure, compter 1h30<\/p>\n<p>&#8211; Depuis le col de Latrape, compter 50 min<\/p>\n<h2><strong>Venir en voiture par la piste<\/strong><\/h2>\n<p>Depuis Saint-Girons suivre la direction Seix Massat et ensuite quitter la direction Massat et suivre Seix Guzet. Traverser Seix suivre Guzet ensuite traverser le Trein d&rsquo;Ustou, S\u00e9rac d&rsquo;Ustou quelques lacets et dans une ligne droite \u00e0 un panneau interdit de stationner prendre piste de montagne \u00e0 gauche pendant 2kms .<\/p>\n<p>Attention, rouler doucement. Aux premi\u00e8res maisons, se stationner. Les cabanes sont \u00e0 500 m\u00e8tres \u00e0 pied \ud83d\ude42<\/p>\n<p><iframe loading=\"lazy\" src=\"https:\/\/www.google.com\/maps\/d\/embed?mid=zro_KLIhG9vk.kxLLxG1VvGwA\" width=\"640\" height=\"480\"><\/iframe><\/p>\n<p>&nbsp;<\/p>\n","protected":false},"excerpt":{"rendered":"<p>Venir en randonnant\u00a0 L\u2019acc\u00e8s conseill\u00e9 se fait \u00e0 pied : &#8211; Depuis le centre du village d&rsquo;Erc\u00e9 via Angladure, compter 1h30 &#8211; Depuis le col de Latrape, compter 50 min Venir en voiture par la piste Depuis Saint-Girons suivre la direction Seix Massat et ensuite quitter la direction Massat et suivre Seix Guzet. Traverser Seix [&hellip;]<\/p>\n","protected":false},"author":13,"featured_media":529,"parent":0,"menu_order":0,"comment_status":"closed","ping_status":"closed","template":"onecolumn-page.php","meta":{"footnotes":""},"class_list":["post-196","page","type-page","status-publish","has-post-thumbnail","hentry"],"_links":{"self":[{"href":"https:\/\/cabanesdageou.com\/index.php?rest_route=\/wp\/v2\/pages\/196","targetHints":{"allow":["GET"]}}],"collection":[{"href":"https:\/\/cabanesdageou.com\/index.php?rest_route=\/wp\/v2\/pages"}],"about":[{"href":"https:\/\/cabanesdageou.com\/index.php?rest_route=\/wp\/v2\/types\/page"}],"author":[{"embeddable":true,"href":"https:\/\/cabanesdageou.com\/index.php?rest_route=\/wp\/v2\/users\/13"}],"replies":[{"embeddable":true,"href":"https:\/\/cabanesdageou.com\/index.php?rest_route=%2Fwp%2Fv2%2Fcomments&post=196"}],"version-history":[{"count":57,"href":"https:\/\/cabanesdageou.com\/index.php?rest_route=\/wp\/v2\/pages\/196\/revisions"}],"predecessor-version":[{"id":780,"href":"https:\/\/cabanesdageou.com\/index.php?rest_route=\/wp\/v2\/pages\/196\/revisions\/780"}],"wp:featuredmedia":[{"embeddable":true,"href":"https:\/\/cabanesdageou.com\/index.php?rest_route=\/wp\/v2\/media\/529"}],"wp:attachment":[{"href":"https:\/\/cabanesdageou.com\/index.php?rest_route=%2Fwp%2Fv2%2Fmedia&parent=196"}],"curies":[{"name":"wp","href":"https:\/\/api.w.org\/{rel}","templated":true}]}}