{"id":631,"date":"2022-04-11T12:28:54","date_gmt":"2022-04-11T12:28:54","guid":{"rendered":"https:\/\/cabanesdageou.com\/table-dhotes-copy\/"},"modified":"2026-04-02T17:45:10","modified_gmt":"2026-04-02T17:45:10","slug":"tarif","status":"publish","type":"page","link":"https:\/\/cabanesdageou.com\/?page_id=631","title":{"rendered":"Tarifs"},"content":{"rendered":"<p><strong>R\u00e9servation du g\u00eete en demi-pension\u00a0<\/strong><\/p>\n<ul>\n<li>Tarif normal :<strong> 40\u20ac*\/<\/strong>personne (lit, souper chaud et petit-d\u00e9jeuner)<\/li>\n<li>Tarif r\u00e9duit -12 ans : <strong>30\u20ac*<\/strong>, (lit, souper chaud et petit-d\u00e9jeuner)<\/li>\n<\/ul>\n<p><strong>Il est possible de profiter d&rsquo;un panier pique-nique\u00a0<\/strong><br \/>\ntarif unique : <strong>12\u20ac<\/strong>\/personne (pr\u00e9venir la veille avant 17h et apporter un contenant)<\/p>\n<p><strong>\u00c9galement un go\u00fbter\u00a0<\/strong><br \/>\ntarif unique : 6<strong>\u20ac\/<\/strong>personne<\/p>\n<p>Mode de paiement : Cash privil\u00e9gi\u00e9, virement ou ch\u00e8que (sous conditions)<\/p>\n<p>*Tarifs hors taxe s\u00e9jour \/ Tarifs des boissons non inclus<\/p>\n\n<h1><img decoding=\"async\" title=\"gallery link=&quot;file&quot; columns=&quot;4&quot;\" src=\"..\/wp-includes\/js\/tinymce\/plugins\/wpgallery\/img\/t.gif\" alt=\"\" \/><\/h1>\n","protected":false},"excerpt":{"rendered":"<p>R\u00e9servation du g\u00eete en demi-pension\u00a0 Tarif normal : 40\u20ac*\/personne (lit, souper chaud et petit-d\u00e9jeuner) Tarif r\u00e9duit -12 ans : 30\u20ac*, (lit, souper chaud et petit-d\u00e9jeuner) Il est possible de profiter d&rsquo;un panier pique-nique\u00a0 tarif unique : 12\u20ac\/personne (pr\u00e9venir la veille avant 17h et apporter un contenant) \u00c9galement un go\u00fbter\u00a0 tarif unique : 6\u20ac\/personne Mode de [&hellip;]<\/p>\n","protected":false},"author":13,"featured_media":354,"parent":0,"menu_order":2,"comment_status":"closed","ping_status":"closed","template":"","meta":{"footnotes":""},"class_list":["post-631","page","type-page","status-publish","has-post-thumbnail","hentry"],"_links":{"self":[{"href":"https:\/\/cabanesdageou.com\/index.php?rest_route=\/wp\/v2\/pages\/631","targetHints":{"allow":["GET"]}}],"collection":[{"href":"https:\/\/cabanesdageou.com\/index.php?rest_route=\/wp\/v2\/pages"}],"about":[{"href":"https:\/\/cabanesdageou.com\/index.php?rest_route=\/wp\/v2\/types\/page"}],"author":[{"embeddable":true,"href":"https:\/\/cabanesdageou.com\/index.php?rest_route=\/wp\/v2\/users\/13"}],"replies":[{"embeddable":true,"href":"https:\/\/cabanesdageou.com\/index.php?rest_route=%2Fwp%2Fv2%2Fcomments&post=631"}],"version-history":[{"count":20,"href":"https:\/\/cabanesdageou.com\/index.php?rest_route=\/wp\/v2\/pages\/631\/revisions"}],"predecessor-version":[{"id":778,"href":"https:\/\/cabanesdageou.com\/index.php?rest_route=\/wp\/v2\/pages\/631\/revisions\/778"}],"wp:featuredmedia":[{"embeddable":true,"href":"https:\/\/cabanesdageou.com\/index.php?rest_route=\/wp\/v2\/media\/354"}],"wp:attachment":[{"href":"https:\/\/cabanesdageou.com\/index.php?rest_route=%2Fwp%2Fv2%2Fmedia&parent=631"}],"curies":[{"name":"wp","href":"https:\/\/api.w.org\/{rel}","templated":true}]}}